{"id":14027,"date":"2015-01-12T10:39:39","date_gmt":"2015-01-12T10:39:39","guid":{"rendered":"http:\/\/atelier.swiftideas.com\/?page_id=14027"},"modified":"2025-03-13T09:25:17","modified_gmt":"2025-03-13T14:25:17","slug":"contacto-bmotik","status":"publish","type":"page","link":"https:\/\/bmotik.com\/en\/contacto-bmotik\/","title":{"rendered":"Contact Us"},"content":{"rendered":"<div data-elementor-type=\"wp-post\" data-elementor-id=\"14027\" class=\"elementor elementor-14027\" data-elementor-post-type=\"page\">\n\t\t\t\t\t\t<section class=\"elementor-section elementor-top-section elementor-element elementor-element-1a7b85d elementor-section-height-min-height elementor-section-boxed elementor-section-height-default elementor-section-items-middle\" data-id=\"1a7b85d\" data-element_type=\"section\" data-e-type=\"section\" data-settings=\"{&quot;jet_parallax_layout_list&quot;:[]}\">\n\t\t\t\t\t\t<div class=\"elementor-container elementor-column-gap-default\">\n\t\t\t\t\t<div class=\"elementor-column elementor-col-100 elementor-top-column elementor-element elementor-element-c151ec5\" data-id=\"c151ec5\" data-element_type=\"column\" data-e-type=\"column\">\n\t\t\t<div class=\"elementor-widget-wrap elementor-element-populated\">\n\t\t\t\t\t\t<div class=\"elementor-element elementor-element-a765276 elementor-widget elementor-widget-heading\" data-id=\"a765276\" data-element_type=\"widget\" data-e-type=\"widget\" data-widget_type=\"heading.default\">\n\t\t\t\t<div class=\"elementor-widget-container\">\n\t\t\t\t\t<h2 class=\"elementor-heading-title elementor-size-default\">We look forward to meeting you<\/h2>\t\t\t\t<\/div>\n\t\t\t\t<\/div>\n\t\t\t\t<div class=\"elementor-element elementor-element-baf7cb0 elementor-widget-divider--view-line elementor-widget elementor-widget-divider\" data-id=\"baf7cb0\" data-element_type=\"widget\" data-e-type=\"widget\" data-widget_type=\"divider.default\">\n\t\t\t\t<div class=\"elementor-widget-container\">\n\t\t\t\t\t\t\t<div class=\"elementor-divider\">\n\t\t\t<span class=\"elementor-divider-separator\">\n\t\t\t\t\t\t<\/span>\n\t\t<\/div>\n\t\t\t\t\t\t<\/div>\n\t\t\t\t<\/div>\n\t\t\t\t<div class=\"elementor-element elementor-element-1e2fb94 elementor-widget elementor-widget-heading\" data-id=\"1e2fb94\" data-element_type=\"widget\" data-e-type=\"widget\" data-widget_type=\"heading.default\">\n\t\t\t\t<div class=\"elementor-widget-container\">\n\t\t\t\t\t<h3 class=\"elementor-heading-title elementor-size-default\">What is your preferred means of contact?<\/h3>\t\t\t\t<\/div>\n\t\t\t\t<\/div>\n\t\t\t\t<section class=\"elementor-section elementor-inner-section elementor-element elementor-element-97a6fb9 elementor-section-boxed elementor-section-height-default elementor-section-height-default\" data-id=\"97a6fb9\" data-element_type=\"section\" data-e-type=\"section\" data-settings=\"{&quot;jet_parallax_layout_list&quot;:[]}\">\n\t\t\t\t\t\t<div class=\"elementor-container elementor-column-gap-default\">\n\t\t\t\t\t<div class=\"elementor-column elementor-col-25 elementor-inner-column elementor-element elementor-element-f654d41\" data-id=\"f654d41\" data-element_type=\"column\" data-e-type=\"column\" data-settings=\"{&quot;background_background&quot;:&quot;gradient&quot;}\">\n\t\t\t<div class=\"elementor-widget-wrap elementor-element-populated\">\n\t\t\t\t\t\t<div class=\"elementor-element elementor-element-9901729 elementor-view-default elementor-widget elementor-widget-icon\" data-id=\"9901729\" data-element_type=\"widget\" data-e-type=\"widget\" data-widget_type=\"icon.default\">\n\t\t\t\t<div class=\"elementor-widget-container\">\n\t\t\t\t\t\t\t<div class=\"elementor-icon-wrapper\">\n\t\t\t<div class=\"elementor-icon\">\n\t\t\t<i aria-hidden=\"true\" class=\"fas fa-calendar-day\"><\/i>\t\t\t<\/div>\n\t\t<\/div>\n\t\t\t\t\t\t<\/div>\n\t\t\t\t<\/div>\n\t\t\t\t<div class=\"elementor-element elementor-element-67d6fc1 elementor-widget elementor-widget-text-editor\" data-id=\"67d6fc1\" data-element_type=\"widget\" data-e-type=\"widget\" data-widget_type=\"text-editor.default\">\n\t\t\t\t<div class=\"elementor-widget-container\">\n\t\t\t\t\t\t\t\t\tVirtual Meeting\t\t\t\t\t\t\t\t<\/div>\n\t\t\t\t<\/div>\n\t\t\t\t<div class=\"elementor-element elementor-element-89686ee elementor-widget elementor-widget-text-editor\" data-id=\"89686ee\" data-element_type=\"widget\" data-e-type=\"widget\" data-widget_type=\"text-editor.default\">\n\t\t\t\t<div class=\"elementor-widget-container\">\n\t\t\t\t\t\t\t\t\tLet's get ready!<br>\n\nChoose Date\/Time\t\t\t\t\t\t\t\t<\/div>\n\t\t\t\t<\/div>\n\t\t\t\t<div class=\"elementor-element elementor-element-afec3a8 elementor-align-center reunion-cont elementor-widget elementor-widget-button\" data-id=\"afec3a8\" data-element_type=\"widget\" data-e-type=\"widget\" data-widget_type=\"button.default\">\n\t\t\t\t<div class=\"elementor-widget-container\">\n\t\t\t\t\t\t\t\t\t<div class=\"elementor-button-wrapper\">\n\t\t\t\t\t<a class=\"elementor-button elementor-button-link elementor-size-sm\" href=\"https:\/\/bmotik.com\/contacto-bmotik\/agendar-reunion-bmotik\/\">\n\t\t\t\t\t\t<span class=\"elementor-button-content-wrapper\">\n\t\t\t\t\t\t\t\t\t<span class=\"elementor-button-text\">Schedule Meeting<\/span>\n\t\t\t\t\t<\/span>\n\t\t\t\t\t<\/a>\n\t\t\t\t<\/div>\n\t\t\t\t\t\t\t\t<\/div>\n\t\t\t\t<\/div>\n\t\t\t\t\t<\/div>\n\t\t<\/div>\n\t\t\t\t<div class=\"elementor-column elementor-col-25 elementor-inner-column elementor-element elementor-element-a56211c\" data-id=\"a56211c\" data-element_type=\"column\" data-e-type=\"column\" data-settings=\"{&quot;background_background&quot;:&quot;gradient&quot;}\">\n\t\t\t<div class=\"elementor-widget-wrap elementor-element-populated\">\n\t\t\t\t\t\t<div class=\"elementor-element elementor-element-b644a5a elementor-view-default elementor-widget elementor-widget-icon\" data-id=\"b644a5a\" data-element_type=\"widget\" data-e-type=\"widget\" data-widget_type=\"icon.default\">\n\t\t\t\t<div class=\"elementor-widget-container\">\n\t\t\t\t\t\t\t<div class=\"elementor-icon-wrapper\">\n\t\t\t<div class=\"elementor-icon\">\n\t\t\t<i aria-hidden=\"true\" class=\"fab fa-whatsapp-square\"><\/i>\t\t\t<\/div>\n\t\t<\/div>\n\t\t\t\t\t\t<\/div>\n\t\t\t\t<\/div>\n\t\t\t\t<div class=\"elementor-element elementor-element-c87debb elementor-widget elementor-widget-text-editor\" data-id=\"c87debb\" data-element_type=\"widget\" data-e-type=\"widget\" data-widget_type=\"text-editor.default\">\n\t\t\t\t<div class=\"elementor-widget-container\">\n\t\t\t\t\t\t\t\t\tWhatsApp\t\t\t\t\t\t\t\t<\/div>\n\t\t\t\t<\/div>\n\t\t\t\t<div class=\"elementor-element elementor-element-3786009 elementor-widget elementor-widget-text-editor\" data-id=\"3786009\" data-element_type=\"widget\" data-e-type=\"widget\" data-widget_type=\"text-editor.default\">\n\t\t\t\t<div class=\"elementor-widget-container\">\n\t\t\t\t\t\t\t\t\tLet's talk today!<br>\nMo-Sa | 8 to 17\t\t\t\t\t\t\t\t<\/div>\n\t\t\t\t<\/div>\n\t\t\t\t<div class=\"elementor-element elementor-element-c461867 elementor-align-center elementor-hidden-mobile wa-desktop elementor-widget elementor-widget-button\" data-id=\"c461867\" data-element_type=\"widget\" data-e-type=\"widget\" data-widget_type=\"button.default\">\n\t\t\t\t<div class=\"elementor-widget-container\">\n\t\t\t\t\t\t\t\t\t<div class=\"elementor-button-wrapper\">\n\t\t\t\t\t<a class=\"elementor-button elementor-button-link elementor-size-sm\" href=\"#elementor-action%3Aaction%3Dpopup%3Aopen%26settings%3DeyJpZCI6IjMxNzg2IiwidG9nZ2xlIjpmYWxzZX0%3D\" target=\"_blank\">\n\t\t\t\t\t\t<span class=\"elementor-button-content-wrapper\">\n\t\t\t\t\t\t\t\t\t<span class=\"elementor-button-text\">Send WhatsApp<\/span>\n\t\t\t\t\t<\/span>\n\t\t\t\t\t<\/a>\n\t\t\t\t<\/div>\n\t\t\t\t\t\t\t\t<\/div>\n\t\t\t\t<\/div>\n\t\t\t\t<div class=\"elementor-element elementor-element-4765dc4 elementor-align-center elementor-hidden-desktop elementor-hidden-tablet wa-mobile elementor-widget elementor-widget-button\" data-id=\"4765dc4\" data-element_type=\"widget\" data-e-type=\"widget\" data-widget_type=\"button.default\">\n\t\t\t\t<div class=\"elementor-widget-container\">\n\t\t\t\t\t\t\t\t\t<div class=\"elementor-button-wrapper\">\n\t\t\t\t\t<a class=\"elementor-button elementor-button-link elementor-size-sm\" href=\"https:\/\/api.whatsapp.com\/send?phone=573154777555\" target=\"_blank\">\n\t\t\t\t\t\t<span class=\"elementor-button-content-wrapper\">\n\t\t\t\t\t\t\t\t\t<span class=\"elementor-button-text\">Send WhatsApp<\/span>\n\t\t\t\t\t<\/span>\n\t\t\t\t\t<\/a>\n\t\t\t\t<\/div>\n\t\t\t\t\t\t\t\t<\/div>\n\t\t\t\t<\/div>\n\t\t\t\t\t<\/div>\n\t\t<\/div>\n\t\t\t\t<div class=\"elementor-column elementor-col-25 elementor-inner-column elementor-element elementor-element-fbe214d\" data-id=\"fbe214d\" data-element_type=\"column\" data-e-type=\"column\" data-settings=\"{&quot;background_background&quot;:&quot;gradient&quot;}\">\n\t\t\t<div class=\"elementor-widget-wrap elementor-element-populated\">\n\t\t\t\t\t\t<div class=\"elementor-element elementor-element-119be8c elementor-view-default elementor-widget elementor-widget-icon\" data-id=\"119be8c\" data-element_type=\"widget\" data-e-type=\"widget\" data-widget_type=\"icon.default\">\n\t\t\t\t<div class=\"elementor-widget-container\">\n\t\t\t\t\t\t\t<div class=\"elementor-icon-wrapper\">\n\t\t\t<div class=\"elementor-icon\">\n\t\t\t<i aria-hidden=\"true\" class=\"fas fa-envelope-open-text\"><\/i>\t\t\t<\/div>\n\t\t<\/div>\n\t\t\t\t\t\t<\/div>\n\t\t\t\t<\/div>\n\t\t\t\t<div class=\"elementor-element elementor-element-9aa8f4e elementor-widget elementor-widget-text-editor\" data-id=\"9aa8f4e\" data-element_type=\"widget\" data-e-type=\"widget\" data-widget_type=\"text-editor.default\">\n\t\t\t\t<div class=\"elementor-widget-container\">\n\t\t\t\t\t\t\t\t\tForm\t\t\t\t\t\t\t\t<\/div>\n\t\t\t\t<\/div>\n\t\t\t\t<div class=\"elementor-element elementor-element-894b9e0 elementor-widget elementor-widget-text-editor\" data-id=\"894b9e0\" data-element_type=\"widget\" data-e-type=\"widget\" data-widget_type=\"text-editor.default\">\n\t\t\t\t<div class=\"elementor-widget-container\">\n\t\t\t\t\t\t\t\t\tLeave us your data<br>we contact you\t\t\t\t\t\t\t\t<\/div>\n\t\t\t\t<\/div>\n\t\t\t\t<div class=\"elementor-element elementor-element-9771e70 elementor-align-center form-pop elementor-widget elementor-widget-button\" data-id=\"9771e70\" data-element_type=\"widget\" data-e-type=\"widget\" data-widget_type=\"button.default\">\n\t\t\t\t<div class=\"elementor-widget-container\">\n\t\t\t\t\t\t\t\t\t<div class=\"elementor-button-wrapper\">\n\t\t\t\t\t<a class=\"elementor-button elementor-button-link elementor-size-sm\" href=\"#elementor-action%3Aaction%3Dpopup%3Aopen%26settings%3DeyJpZCI6IjI1MjYwIiwidG9nZ2xlIjpmYWxzZX0%3D\">\n\t\t\t\t\t\t<span class=\"elementor-button-content-wrapper\">\n\t\t\t\t\t\t\t\t\t<span class=\"elementor-button-text\">Open Form<\/span>\n\t\t\t\t\t<\/span>\n\t\t\t\t\t<\/a>\n\t\t\t\t<\/div>\n\t\t\t\t\t\t\t\t<\/div>\n\t\t\t\t<\/div>\n\t\t\t\t\t<\/div>\n\t\t<\/div>\n\t\t\t\t<div class=\"elementor-column elementor-col-25 elementor-inner-column elementor-element elementor-element-1f21c5f\" data-id=\"1f21c5f\" data-element_type=\"column\" data-e-type=\"column\" data-settings=\"{&quot;background_background&quot;:&quot;gradient&quot;}\">\n\t\t\t<div class=\"elementor-widget-wrap elementor-element-populated\">\n\t\t\t\t\t\t<div class=\"elementor-element elementor-element-fc33d00 elementor-view-default elementor-widget elementor-widget-icon\" data-id=\"fc33d00\" data-element_type=\"widget\" data-e-type=\"widget\" data-widget_type=\"icon.default\">\n\t\t\t\t<div class=\"elementor-widget-container\">\n\t\t\t\t\t\t\t<div class=\"elementor-icon-wrapper\">\n\t\t\t<div class=\"elementor-icon\">\n\t\t\t<i aria-hidden=\"true\" class=\"fas fa-hand-scissors\"><\/i>\t\t\t<\/div>\n\t\t<\/div>\n\t\t\t\t\t\t<\/div>\n\t\t\t\t<\/div>\n\t\t\t\t<div class=\"elementor-element elementor-element-c53a564 elementor-widget elementor-widget-text-editor\" data-id=\"c53a564\" data-element_type=\"widget\" data-e-type=\"widget\" data-widget_type=\"text-editor.default\">\n\t\t\t\t<div class=\"elementor-widget-container\">\n\t\t\t\t\t\t\t\t\t<p>Social Networking<\/p>\t\t\t\t\t\t\t\t<\/div>\n\t\t\t\t<\/div>\n\t\t\t\t<div class=\"elementor-element elementor-element-981f434 elementor-widget elementor-widget-text-editor\" data-id=\"981f434\" data-element_type=\"widget\" data-e-type=\"widget\" data-widget_type=\"text-editor.default\">\n\t\t\t\t<div class=\"elementor-widget-container\">\n\t\t\t\t\t\t\t\t\tFollow us at\t\t\t\t\t\t\t\t<\/div>\n\t\t\t\t<\/div>\n\t\t\t\t<div class=\"elementor-element elementor-element-329c96d elementor-shape-square elementor-grid-0 e-grid-align-center elementor-widget elementor-widget-social-icons\" data-id=\"329c96d\" data-element_type=\"widget\" data-e-type=\"widget\" data-widget_type=\"social-icons.default\">\n\t\t\t\t<div class=\"elementor-widget-container\">\n\t\t\t\t\t\t\t<div class=\"elementor-social-icons-wrapper elementor-grid\" role=\"list\">\n\t\t\t\t\t\t\t<span class=\"elementor-grid-item\" role=\"listitem\">\n\t\t\t\t\t<a class=\"elementor-icon elementor-social-icon elementor-social-icon-facebook-f elementor-animation-grow elementor-repeater-item-2d0da0c\" href=\"https:\/\/www.facebook.com\/bmotik\/\" target=\"_blank\">\n\t\t\t\t\t\t<span class=\"elementor-screen-only\">Facebook-f<\/span>\n\t\t\t\t\t\t<i aria-hidden=\"true\" class=\"fab fa-facebook-f\"><\/i>\t\t\t\t\t<\/a>\n\t\t\t\t<\/span>\n\t\t\t\t\t\t\t<span class=\"elementor-grid-item\" role=\"listitem\">\n\t\t\t\t\t<a class=\"elementor-icon elementor-social-icon elementor-social-icon-instagram elementor-animation-grow elementor-repeater-item-914746e\" href=\"https:\/\/www.instagram.com\/bmotik_co\/\" target=\"_blank\">\n\t\t\t\t\t\t<span class=\"elementor-screen-only\">Instagram<\/span>\n\t\t\t\t\t\t<i aria-hidden=\"true\" class=\"fab fa-instagram\"><\/i>\t\t\t\t\t<\/a>\n\t\t\t\t<\/span>\n\t\t\t\t\t\t\t<span class=\"elementor-grid-item\" role=\"listitem\">\n\t\t\t\t\t<a class=\"elementor-icon elementor-social-icon elementor-social-icon-linkedin elementor-animation-grow elementor-repeater-item-f86a81a\" href=\"https:\/\/www.linkedin.com\/company\/bmotik\/\" target=\"_blank\">\n\t\t\t\t\t\t<span class=\"elementor-screen-only\">Linkedin<\/span>\n\t\t\t\t\t\t<i aria-hidden=\"true\" class=\"fab fa-linkedin\"><\/i>\t\t\t\t\t<\/a>\n\t\t\t\t<\/span>\n\t\t\t\t\t\t\t<span class=\"elementor-grid-item\" role=\"listitem\">\n\t\t\t\t\t<a class=\"elementor-icon elementor-social-icon elementor-social-icon-twitter elementor-animation-grow elementor-repeater-item-8a28a95\" href=\"https:\/\/twitter.com\/Bmotik_co\" target=\"_blank\">\n\t\t\t\t\t\t<span class=\"elementor-screen-only\">Twitter<\/span>\n\t\t\t\t\t\t<i aria-hidden=\"true\" class=\"fab fa-twitter\"><\/i>\t\t\t\t\t<\/a>\n\t\t\t\t<\/span>\n\t\t\t\t\t<\/div>\n\t\t\t\t\t\t<\/div>\n\t\t\t\t<\/div>\n\t\t\t\t\t<\/div>\n\t\t<\/div>\n\t\t\t\t\t<\/div>\n\t\t<\/section>\n\t\t\t\t\t<\/div>\n\t\t<\/div>\n\t\t\t\t\t<\/div>\n\t\t<\/section>\n\t\t\t\t<\/div>","protected":false},"excerpt":{"rendered":"<p>We look forward to meeting you. What is your preferred means of contact? Virtual MeetingLet's schedule a meeting! Choose Date\/Time Schedule WhatsApp MeetingLet's talk today! Mon-Sat | 8 to 17 Send WhatsApp Send WhatsApp Send WhatsApp FormLeave us your detailswe'll contact you Open Form Social Networks Follow us Facebook-f Instagram Linkedin Twitter<\/p>","protected":false},"author":1,"featured_media":0,"parent":0,"menu_order":0,"comment_status":"open","ping_status":"open","template":"elementor_header_footer","meta":{"footnotes":""},"class_list":["post-14027","page","type-page","status-publish","hentry"],"yoast_head":"<!-- This site is optimized with the Yoast SEO Premium plugin v24.1 (Yoast SEO v27.1.1) - https:\/\/yoast.com\/product\/yoast-seo-premium-wordpress\/ -->\n<title>Contacto &#8226; Bmotik<\/title>\n<meta name=\"description\" content=\"Cont\u00e1ctenos para saber m\u00e1s de nuestras l\u00edneas de negocio, productos y servicios. Contamos con diferentes medios: correo, chat, celular, whatsapp, ubicaci\u00f3n.\" \/>\n<meta name=\"robots\" content=\"index, follow, max-snippet:-1, max-image-preview:large, max-video-preview:-1\" \/>\n<link rel=\"canonical\" href=\"https:\/\/bmotik.com\/en\/contacto-bmotik\/\" \/>\n<meta property=\"og:locale\" content=\"en_US\" \/>\n<meta property=\"og:type\" content=\"article\" \/>\n<meta property=\"og:title\" content=\"Contacto\" \/>\n<meta property=\"og:description\" content=\"Cont\u00e1ctenos para saber m\u00e1s de nuestras l\u00edneas de negocio, productos y servicios. Contamos con diferentes medios: correo, chat, celular, whatsapp, ubicaci\u00f3n.\" \/>\n<meta property=\"og:url\" content=\"https:\/\/bmotik.com\/en\/contacto-bmotik\/\" \/>\n<meta property=\"og:site_name\" content=\"Bmotik\" \/>\n<meta property=\"article:publisher\" content=\"https:\/\/www.facebook.com\/bmotik?fref=ts\" \/>\n<meta property=\"article:modified_time\" content=\"2025-03-13T14:25:17+00:00\" \/>\n<meta name=\"twitter:card\" content=\"summary_large_image\" \/>\n<meta name=\"twitter:site\" content=\"@bmotik_co\" \/>\n<meta name=\"twitter:label1\" content=\"Est. reading time\" \/>\n\t<meta name=\"twitter:data1\" content=\"1 minute\" \/>\n<script type=\"application\/ld+json\" class=\"yoast-schema-graph\">{\"@context\":\"https:\/\/schema.org\",\"@graph\":[{\"@type\":\"WebPage\",\"@id\":\"https:\/\/bmotik.com\/contacto-bmotik\/\",\"url\":\"https:\/\/bmotik.com\/contacto-bmotik\/\",\"name\":\"Contacto &#8226; Bmotik\",\"isPartOf\":{\"@id\":\"https:\/\/bmotik.com\/#website\"},\"datePublished\":\"2015-01-12T10:39:39+00:00\",\"dateModified\":\"2025-03-13T14:25:17+00:00\",\"description\":\"Cont\u00e1ctenos para saber m\u00e1s de nuestras l\u00edneas de negocio, productos y servicios. Contamos con diferentes medios: correo, chat, celular, whatsapp, ubicaci\u00f3n.\",\"breadcrumb\":{\"@id\":\"https:\/\/bmotik.com\/contacto-bmotik\/#breadcrumb\"},\"inLanguage\":\"en-US\",\"potentialAction\":[{\"@type\":\"ReadAction\",\"target\":[\"https:\/\/bmotik.com\/contacto-bmotik\/\"]}]},{\"@type\":\"BreadcrumbList\",\"@id\":\"https:\/\/bmotik.com\/contacto-bmotik\/#breadcrumb\",\"itemListElement\":[{\"@type\":\"ListItem\",\"position\":1,\"name\":\"Inicio\",\"item\":\"https:\/\/bmotik.com\/\"},{\"@type\":\"ListItem\",\"position\":2,\"name\":\"Contacto\"}]},{\"@type\":\"WebSite\",\"@id\":\"https:\/\/bmotik.com\/#website\",\"url\":\"https:\/\/bmotik.com\/\",\"name\":\"Bmotik\",\"description\":\"Plataforma para Eventos sin L\u00edmites\",\"publisher\":{\"@id\":\"https:\/\/bmotik.com\/#organization\"},\"potentialAction\":[{\"@type\":\"SearchAction\",\"target\":{\"@type\":\"EntryPoint\",\"urlTemplate\":\"https:\/\/bmotik.com\/?s={search_term_string}\"},\"query-input\":{\"@type\":\"PropertyValueSpecification\",\"valueRequired\":true,\"valueName\":\"search_term_string\"}}],\"inLanguage\":\"en-US\"},{\"@type\":\"Organization\",\"@id\":\"https:\/\/bmotik.com\/#organization\",\"name\":\"bmotik\",\"url\":\"https:\/\/bmotik.com\/\",\"logo\":{\"@type\":\"ImageObject\",\"inLanguage\":\"en-US\",\"@id\":\"https:\/\/bmotik.com\/#\/schema\/logo\/image\/\",\"url\":\"https:\/\/bmotik.com\/wp-content\/uploads\/2023\/01\/bmotik-logo-def-bk.png\",\"contentUrl\":\"https:\/\/bmotik.com\/wp-content\/uploads\/2023\/01\/bmotik-logo-def-bk.png\",\"width\":850,\"height\":213,\"caption\":\"bmotik\"},\"image\":{\"@id\":\"https:\/\/bmotik.com\/#\/schema\/logo\/image\/\"},\"sameAs\":[\"https:\/\/www.facebook.com\/bmotik?fref=ts\",\"https:\/\/x.com\/bmotik_co\",\"https:\/\/www.linkedin.com\/company\/bmotik\/\",\"https:\/\/www.instagram.com\/bmotik_co\/\"]}]}<\/script>\n<!-- \/ Yoast SEO Premium plugin. -->","yoast_head_json":{"title":"Contacto &#8226; Bmotik","description":"Cont\u00e1ctenos para saber m\u00e1s de nuestras l\u00edneas de negocio, productos y servicios. Contamos con diferentes medios: correo, chat, celular, whatsapp, ubicaci\u00f3n.","robots":{"index":"index","follow":"follow","max-snippet":"max-snippet:-1","max-image-preview":"max-image-preview:large","max-video-preview":"max-video-preview:-1"},"canonical":"https:\/\/bmotik.com\/en\/contacto-bmotik\/","og_locale":"en_US","og_type":"article","og_title":"Contacto","og_description":"Cont\u00e1ctenos para saber m\u00e1s de nuestras l\u00edneas de negocio, productos y servicios. Contamos con diferentes medios: correo, chat, celular, whatsapp, ubicaci\u00f3n.","og_url":"https:\/\/bmotik.com\/en\/contacto-bmotik\/","og_site_name":"Bmotik","article_publisher":"https:\/\/www.facebook.com\/bmotik?fref=ts","article_modified_time":"2025-03-13T14:25:17+00:00","twitter_card":"summary_large_image","twitter_site":"@bmotik_co","twitter_misc":{"Est. reading time":"1 minute"},"schema":{"@context":"https:\/\/schema.org","@graph":[{"@type":"WebPage","@id":"https:\/\/bmotik.com\/contacto-bmotik\/","url":"https:\/\/bmotik.com\/contacto-bmotik\/","name":"Contacto &#8226; Bmotik","isPartOf":{"@id":"https:\/\/bmotik.com\/#website"},"datePublished":"2015-01-12T10:39:39+00:00","dateModified":"2025-03-13T14:25:17+00:00","description":"Cont\u00e1ctenos para saber m\u00e1s de nuestras l\u00edneas de negocio, productos y servicios. Contamos con diferentes medios: correo, chat, celular, whatsapp, ubicaci\u00f3n.","breadcrumb":{"@id":"https:\/\/bmotik.com\/contacto-bmotik\/#breadcrumb"},"inLanguage":"en-US","potentialAction":[{"@type":"ReadAction","target":["https:\/\/bmotik.com\/contacto-bmotik\/"]}]},{"@type":"BreadcrumbList","@id":"https:\/\/bmotik.com\/contacto-bmotik\/#breadcrumb","itemListElement":[{"@type":"ListItem","position":1,"name":"Inicio","item":"https:\/\/bmotik.com\/"},{"@type":"ListItem","position":2,"name":"Contacto"}]},{"@type":"WebSite","@id":"https:\/\/bmotik.com\/#website","url":"https:\/\/bmotik.com\/","name":"Bmotik","description":"Platform for Limitless Events","publisher":{"@id":"https:\/\/bmotik.com\/#organization"},"potentialAction":[{"@type":"SearchAction","target":{"@type":"EntryPoint","urlTemplate":"https:\/\/bmotik.com\/?s={search_term_string}"},"query-input":{"@type":"PropertyValueSpecification","valueRequired":true,"valueName":"search_term_string"}}],"inLanguage":"en-US"},{"@type":"Organization","@id":"https:\/\/bmotik.com\/#organization","name":"bmotik","url":"https:\/\/bmotik.com\/","logo":{"@type":"ImageObject","inLanguage":"en-US","@id":"https:\/\/bmotik.com\/#\/schema\/logo\/image\/","url":"https:\/\/bmotik.com\/wp-content\/uploads\/2023\/01\/bmotik-logo-def-bk.png","contentUrl":"https:\/\/bmotik.com\/wp-content\/uploads\/2023\/01\/bmotik-logo-def-bk.png","width":850,"height":213,"caption":"bmotik"},"image":{"@id":"https:\/\/bmotik.com\/#\/schema\/logo\/image\/"},"sameAs":["https:\/\/www.facebook.com\/bmotik?fref=ts","https:\/\/x.com\/bmotik_co","https:\/\/www.linkedin.com\/company\/bmotik\/","https:\/\/www.instagram.com\/bmotik_co\/"]}]}},"_links":{"self":[{"href":"https:\/\/bmotik.com\/en\/wp-json\/wp\/v2\/pages\/14027","targetHints":{"allow":["GET"]}}],"collection":[{"href":"https:\/\/bmotik.com\/en\/wp-json\/wp\/v2\/pages"}],"about":[{"href":"https:\/\/bmotik.com\/en\/wp-json\/wp\/v2\/types\/page"}],"author":[{"embeddable":true,"href":"https:\/\/bmotik.com\/en\/wp-json\/wp\/v2\/users\/1"}],"replies":[{"embeddable":true,"href":"https:\/\/bmotik.com\/en\/wp-json\/wp\/v2\/comments?post=14027"}],"version-history":[{"count":3,"href":"https:\/\/bmotik.com\/en\/wp-json\/wp\/v2\/pages\/14027\/revisions"}],"predecessor-version":[{"id":34357,"href":"https:\/\/bmotik.com\/en\/wp-json\/wp\/v2\/pages\/14027\/revisions\/34357"}],"wp:attachment":[{"href":"https:\/\/bmotik.com\/en\/wp-json\/wp\/v2\/media?parent=14027"}],"curies":[{"name":"wp","href":"https:\/\/api.w.org\/{rel}","templated":true}]}}