{"id":26404,"date":"2021-04-05T13:02:47","date_gmt":"2021-04-05T18:02:47","guid":{"rendered":"https:\/\/bmotik.com\/?page_id=26404"},"modified":"2021-04-20T17:38:52","modified_gmt":"2021-04-20T22:38:52","slug":"traduccion","status":"publish","type":"page","link":"https:\/\/bmotik.com\/en\/traduccion\/","title":{"rendered":"Translation"},"content":{"rendered":"<div data-elementor-type=\"wp-page\" data-elementor-id=\"26404\" class=\"elementor elementor-26404\" data-elementor-post-type=\"page\">\n\t\t\t\t\t\t<section class=\"elementor-section elementor-top-section elementor-element elementor-element-209283e elementor-section-boxed elementor-section-height-default elementor-section-height-default\" data-id=\"209283e\" data-element_type=\"section\" data-e-type=\"section\" data-settings=\"{&quot;jet_parallax_layout_list&quot;:[{&quot;jet_parallax_layout_image&quot;:{&quot;url&quot;:&quot;&quot;,&quot;id&quot;:&quot;&quot;,&quot;size&quot;:&quot;&quot;},&quot;_id&quot;:&quot;6beb77f&quot;,&quot;jet_parallax_layout_image_tablet&quot;:{&quot;url&quot;:&quot;&quot;,&quot;id&quot;:&quot;&quot;,&quot;size&quot;:&quot;&quot;},&quot;jet_parallax_layout_image_mobile&quot;:{&quot;url&quot;:&quot;&quot;,&quot;id&quot;:&quot;&quot;,&quot;size&quot;:&quot;&quot;},&quot;jet_parallax_layout_speed&quot;:{&quot;unit&quot;:&quot;%&quot;,&quot;size&quot;:50,&quot;sizes&quot;:[]},&quot;jet_parallax_layout_type&quot;:&quot;scroll&quot;,&quot;jet_parallax_layout_direction&quot;:&quot;1&quot;,&quot;jet_parallax_layout_fx_direction&quot;:null,&quot;jet_parallax_layout_z_index&quot;:&quot;&quot;,&quot;jet_parallax_layout_bg_x&quot;:50,&quot;jet_parallax_layout_bg_x_tablet&quot;:&quot;&quot;,&quot;jet_parallax_layout_bg_x_mobile&quot;:&quot;&quot;,&quot;jet_parallax_layout_bg_y&quot;:50,&quot;jet_parallax_layout_bg_y_tablet&quot;:&quot;&quot;,&quot;jet_parallax_layout_bg_y_mobile&quot;:&quot;&quot;,&quot;jet_parallax_layout_bg_size&quot;:&quot;auto&quot;,&quot;jet_parallax_layout_bg_size_tablet&quot;:&quot;&quot;,&quot;jet_parallax_layout_bg_size_mobile&quot;:&quot;&quot;,&quot;jet_parallax_layout_animation_prop&quot;:&quot;transform&quot;,&quot;jet_parallax_layout_on&quot;:[&quot;desktop&quot;,&quot;tablet&quot;]}]}\">\n\t\t\t\t\t\t<div class=\"elementor-container elementor-column-gap-default\">\n\t\t\t\t\t<div class=\"elementor-column elementor-col-100 elementor-top-column elementor-element elementor-element-0c9321f\" data-id=\"0c9321f\" data-element_type=\"column\" data-e-type=\"column\">\n\t\t\t<div class=\"elementor-widget-wrap elementor-element-populated\">\n\t\t\t\t\t\t<div class=\"elementor-element elementor-element-0cd3584 elementor-widget elementor-widget-heading\" data-id=\"0cd3584\" data-element_type=\"widget\" data-e-type=\"widget\" data-widget_type=\"heading.default\">\n\t\t\t\t<div class=\"elementor-widget-container\">\n\t\t\t\t\t<h2 class=\"elementor-heading-title elementor-size-default\"><b>CONGRESO AMERICANO DE FISIOTERAPIA EN SALUD MENTAL\n<\/b><br><br>  SAL\u00d3N QUIMBAYA<\/h2>\t\t\t\t<\/div>\n\t\t\t\t<\/div>\n\t\t\t\t<div class=\"elementor-element elementor-element-aab622c elementor-widget elementor-widget-text-editor\" data-id=\"aab622c\" data-element_type=\"widget\" data-e-type=\"widget\" data-widget_type=\"text-editor.default\">\n\t\t\t\t<div class=\"elementor-widget-container\">\n\t\t\t\t\t\t\t\t\t<p>Traducci\u00f3n Ingl\u00e9s a Espa\u00f1ol<\/p>\t\t\t\t\t\t\t\t<\/div>\n\t\t\t\t<\/div>\n\t\t\t\t<section class=\"elementor-section elementor-inner-section elementor-element elementor-element-72fe1ae elementor-section-boxed elementor-section-height-default elementor-section-height-default\" data-id=\"72fe1ae\" data-element_type=\"section\" data-e-type=\"section\" data-settings=\"{&quot;jet_parallax_layout_list&quot;:[{&quot;jet_parallax_layout_image&quot;:{&quot;url&quot;:&quot;&quot;,&quot;id&quot;:&quot;&quot;,&quot;size&quot;:&quot;&quot;},&quot;_id&quot;:&quot;a080d96&quot;,&quot;jet_parallax_layout_image_tablet&quot;:{&quot;url&quot;:&quot;&quot;,&quot;id&quot;:&quot;&quot;,&quot;size&quot;:&quot;&quot;},&quot;jet_parallax_layout_image_mobile&quot;:{&quot;url&quot;:&quot;&quot;,&quot;id&quot;:&quot;&quot;,&quot;size&quot;:&quot;&quot;},&quot;jet_parallax_layout_speed&quot;:{&quot;unit&quot;:&quot;%&quot;,&quot;size&quot;:50,&quot;sizes&quot;:[]},&quot;jet_parallax_layout_type&quot;:&quot;scroll&quot;,&quot;jet_parallax_layout_direction&quot;:&quot;1&quot;,&quot;jet_parallax_layout_fx_direction&quot;:null,&quot;jet_parallax_layout_z_index&quot;:&quot;&quot;,&quot;jet_parallax_layout_bg_x&quot;:50,&quot;jet_parallax_layout_bg_x_tablet&quot;:&quot;&quot;,&quot;jet_parallax_layout_bg_x_mobile&quot;:&quot;&quot;,&quot;jet_parallax_layout_bg_y&quot;:50,&quot;jet_parallax_layout_bg_y_tablet&quot;:&quot;&quot;,&quot;jet_parallax_layout_bg_y_mobile&quot;:&quot;&quot;,&quot;jet_parallax_layout_bg_size&quot;:&quot;auto&quot;,&quot;jet_parallax_layout_bg_size_tablet&quot;:&quot;&quot;,&quot;jet_parallax_layout_bg_size_mobile&quot;:&quot;&quot;,&quot;jet_parallax_layout_animation_prop&quot;:&quot;transform&quot;,&quot;jet_parallax_layout_on&quot;:[&quot;desktop&quot;,&quot;tablet&quot;]}]}\">\n\t\t\t\t\t\t<div class=\"elementor-container elementor-column-gap-default\">\n\t\t\t\t\t<div class=\"elementor-column elementor-col-50 elementor-inner-column elementor-element elementor-element-4b76da6\" data-id=\"4b76da6\" data-element_type=\"column\" data-e-type=\"column\">\n\t\t\t<div class=\"elementor-widget-wrap elementor-element-populated\">\n\t\t\t\t\t\t<div class=\"elementor-element elementor-element-c33815f elementor-widget elementor-widget-text-editor\" data-id=\"c33815f\" data-element_type=\"widget\" data-e-type=\"widget\" data-widget_type=\"text-editor.default\">\n\t\t\t\t<div class=\"elementor-widget-container\">\n\t\t\t\t\t\t\t\t\tHaga clic en el icono de Play para escuchar al int\u00e9rprete\t\t\t\t\t\t\t\t<\/div>\n\t\t\t\t<\/div>\n\t\t\t\t\t<\/div>\n\t\t<\/div>\n\t\t\t\t<div class=\"elementor-column elementor-col-50 elementor-inner-column elementor-element elementor-element-2caec54\" data-id=\"2caec54\" data-element_type=\"column\" data-e-type=\"column\">\n\t\t\t<div class=\"elementor-widget-wrap elementor-element-populated\">\n\t\t\t\t\t\t<div class=\"elementor-element elementor-element-2884278 elementor-view-default elementor-widget elementor-widget-icon\" data-id=\"2884278\" data-element_type=\"widget\" data-e-type=\"widget\" data-widget_type=\"icon.default\">\n\t\t\t\t<div class=\"elementor-widget-container\">\n\t\t\t\t\t\t\t<div class=\"elementor-icon-wrapper\">\n\t\t\t<div class=\"elementor-icon\">\n\t\t\t<i aria-hidden=\"true\" class=\"fas fa-arrow-down\"><\/i>\t\t\t<\/div>\n\t\t<\/div>\n\t\t\t\t\t\t<\/div>\n\t\t\t\t<\/div>\n\t\t\t\t\t<\/div>\n\t\t<\/div>\n\t\t\t\t\t<\/div>\n\t\t<\/section>\n\t\t\t\t<div class=\"elementor-element elementor-element-1fbd1c3 elementor-widget elementor-widget-html\" data-id=\"1fbd1c3\" data-element_type=\"widget\" data-e-type=\"widget\" data-widget_type=\"html.default\">\n\t\t\t\t<div class=\"elementor-widget-container\">\n\t\t\t\t\t<iframe src=\"https:\/\/mixlr.com\/users\/8550156\/embed?color=03b0d1&autoplay=true\" width=\"100%\" height=\"180px\" scrolling=\"no\" frameborder=\"no\" marginheight=\"0\" marginwidth=\"0\"><\/iframe>\t\t\t\t<\/div>\n\t\t\t\t<\/div>\n\t\t\t\t<section class=\"elementor-section elementor-inner-section elementor-element elementor-element-a577772 elementor-section-boxed elementor-section-height-default elementor-section-height-default\" data-id=\"a577772\" data-element_type=\"section\" data-e-type=\"section\" data-settings=\"{&quot;jet_parallax_layout_list&quot;:[{&quot;jet_parallax_layout_image&quot;:{&quot;url&quot;:&quot;&quot;,&quot;id&quot;:&quot;&quot;,&quot;size&quot;:&quot;&quot;},&quot;_id&quot;:&quot;3674e0a&quot;,&quot;jet_parallax_layout_image_tablet&quot;:{&quot;url&quot;:&quot;&quot;,&quot;id&quot;:&quot;&quot;,&quot;size&quot;:&quot;&quot;},&quot;jet_parallax_layout_image_mobile&quot;:{&quot;url&quot;:&quot;&quot;,&quot;id&quot;:&quot;&quot;,&quot;size&quot;:&quot;&quot;},&quot;jet_parallax_layout_speed&quot;:{&quot;unit&quot;:&quot;%&quot;,&quot;size&quot;:50,&quot;sizes&quot;:[]},&quot;jet_parallax_layout_type&quot;:&quot;scroll&quot;,&quot;jet_parallax_layout_direction&quot;:&quot;1&quot;,&quot;jet_parallax_layout_fx_direction&quot;:null,&quot;jet_parallax_layout_z_index&quot;:&quot;&quot;,&quot;jet_parallax_layout_bg_x&quot;:50,&quot;jet_parallax_layout_bg_x_tablet&quot;:&quot;&quot;,&quot;jet_parallax_layout_bg_x_mobile&quot;:&quot;&quot;,&quot;jet_parallax_layout_bg_y&quot;:50,&quot;jet_parallax_layout_bg_y_tablet&quot;:&quot;&quot;,&quot;jet_parallax_layout_bg_y_mobile&quot;:&quot;&quot;,&quot;jet_parallax_layout_bg_size&quot;:&quot;auto&quot;,&quot;jet_parallax_layout_bg_size_tablet&quot;:&quot;&quot;,&quot;jet_parallax_layout_bg_size_mobile&quot;:&quot;&quot;,&quot;jet_parallax_layout_animation_prop&quot;:&quot;transform&quot;,&quot;jet_parallax_layout_on&quot;:[&quot;desktop&quot;,&quot;tablet&quot;]}]}\">\n\t\t\t\t\t\t<div class=\"elementor-container elementor-column-gap-default\">\n\t\t\t\t\t<div class=\"elementor-column elementor-col-50 elementor-inner-column elementor-element elementor-element-ed74a4a\" data-id=\"ed74a4a\" data-element_type=\"column\" data-e-type=\"column\">\n\t\t\t<div class=\"elementor-widget-wrap elementor-element-populated\">\n\t\t\t\t\t\t<div class=\"elementor-element elementor-element-09880a8 elementor-view-default elementor-widget elementor-widget-icon\" data-id=\"09880a8\" data-element_type=\"widget\" data-e-type=\"widget\" data-widget_type=\"icon.default\">\n\t\t\t\t<div class=\"elementor-widget-container\">\n\t\t\t\t\t\t\t<div class=\"elementor-icon-wrapper\">\n\t\t\t<div class=\"elementor-icon\">\n\t\t\t<i aria-hidden=\"true\" class=\"fas fa-arrow-up\"><\/i>\t\t\t<\/div>\n\t\t<\/div>\n\t\t\t\t\t\t<\/div>\n\t\t\t\t<\/div>\n\t\t\t\t\t<\/div>\n\t\t<\/div>\n\t\t\t\t<div class=\"elementor-column elementor-col-50 elementor-inner-column elementor-element elementor-element-894c66d\" data-id=\"894c66d\" data-element_type=\"column\" data-e-type=\"column\">\n\t\t\t<div class=\"elementor-widget-wrap elementor-element-populated\">\n\t\t\t\t\t\t<div class=\"elementor-element elementor-element-3bb3217 elementor-widget elementor-widget-text-editor\" data-id=\"3bb3217\" data-element_type=\"widget\" data-e-type=\"widget\" data-widget_type=\"text-editor.default\">\n\t\t\t\t<div class=\"elementor-widget-container\">\n\t\t\t\t\t\t\t\t\tAqu\u00ed puede controlar el volumen\t\t\t\t\t\t\t\t<\/div>\n\t\t\t\t<\/div>\n\t\t\t\t\t<\/div>\n\t\t<\/div>\n\t\t\t\t\t<\/div>\n\t\t<\/section>\n\t\t\t\t<div class=\"elementor-element elementor-element-a493ba2 elementor-widget elementor-widget-spacer\" data-id=\"a493ba2\" data-element_type=\"widget\" data-e-type=\"widget\" data-widget_type=\"spacer.default\">\n\t\t\t\t<div class=\"elementor-widget-container\">\n\t\t\t\t\t\t\t<div class=\"elementor-spacer\">\n\t\t\t<div class=\"elementor-spacer-inner\"><\/div>\n\t\t<\/div>\n\t\t\t\t\t\t<\/div>\n\t\t\t\t<\/div>\n\t\t\t\t<div class=\"elementor-element elementor-element-ec1c32e elementor-widget elementor-widget-text-editor\" data-id=\"ec1c32e\" data-element_type=\"widget\" data-e-type=\"widget\" data-widget_type=\"text-editor.default\">\n\t\t\t\t<div class=\"elementor-widget-container\">\n\t\t\t\t\t\t\t\t\t<p>Web Custom Broadcasting Powered by\u00a0<a href=\"https:\/\/bmotik.com\/software-and-web\/eventos-virtuales\/\" target=\"_blank\" rel=\"noopener\">Bmotik SmartEvents<\/a><\/p>\t\t\t\t\t\t\t\t<\/div>\n\t\t\t\t<\/div>\n\t\t\t\t\t<\/div>\n\t\t<\/div>\n\t\t\t\t\t<\/div>\n\t\t<\/section>\n\t\t\t\t<\/div>","protected":false},"excerpt":{"rendered":"<p>CONGRESO AMERICANO DE FISIOTERAPIA EN SALUD MENTAL SAL\u00d3N QUIMBAYA Traducci\u00f3n Ingl\u00e9s a Espa\u00f1ol Haga clic en el icono de Play para escuchar al int\u00e9rprete Aqu\u00ed puede controlar el volumen Web Custom Broadcasting Powered by\u00a0Bmotik SmartEvents<\/p>","protected":false},"author":244,"featured_media":0,"parent":0,"menu_order":0,"comment_status":"closed","ping_status":"closed","template":"elementor_canvas","meta":{"footnotes":""},"class_list":["post-26404","page","type-page","status-publish","hentry"],"yoast_head":"<!-- This site is optimized with the Yoast SEO Premium plugin v24.1 (Yoast SEO v27.1.1) - https:\/\/yoast.com\/product\/yoast-seo-premium-wordpress\/ -->\n<title>Traducci\u00f3n &#8226; Bmotik<\/title>\n<meta name=\"robots\" content=\"index, follow, max-snippet:-1, max-image-preview:large, max-video-preview:-1\" \/>\n<link rel=\"canonical\" href=\"https:\/\/bmotik.com\/en\/traduccion\/\" \/>\n<meta property=\"og:locale\" content=\"en_US\" \/>\n<meta property=\"og:type\" content=\"article\" \/>\n<meta property=\"og:title\" content=\"Traducci\u00f3n\" \/>\n<meta property=\"og:description\" content=\"CONGRESO AMERICANO DE FISIOTERAPIA EN SALUD MENTAL SAL\u00d3N QUIMBAYA Traducci\u00f3n Ingl\u00e9s a Espa\u00f1ol Haga clic en el icono de Play para escuchar al int\u00e9rprete Aqu\u00ed puede controlar el volumen Web Custom Broadcasting Powered by\u00a0Bmotik SmartEvents\" \/>\n<meta property=\"og:url\" content=\"https:\/\/bmotik.com\/en\/traduccion\/\" \/>\n<meta property=\"og:site_name\" content=\"Bmotik\" \/>\n<meta property=\"article:publisher\" content=\"https:\/\/www.facebook.com\/bmotik?fref=ts\" \/>\n<meta property=\"article:modified_time\" content=\"2021-04-20T22:38:52+00:00\" \/>\n<meta name=\"twitter:card\" content=\"summary_large_image\" \/>\n<meta name=\"twitter:site\" content=\"@bmotik_co\" \/>\n<meta name=\"twitter:label1\" content=\"Est. reading time\" \/>\n\t<meta name=\"twitter:data1\" content=\"1 minute\" \/>\n<script type=\"application\/ld+json\" class=\"yoast-schema-graph\">{\"@context\":\"https:\/\/schema.org\",\"@graph\":[{\"@type\":\"WebPage\",\"@id\":\"https:\/\/bmotik.com\/traduccion\/\",\"url\":\"https:\/\/bmotik.com\/traduccion\/\",\"name\":\"Traducci\u00f3n &#8226; Bmotik\",\"isPartOf\":{\"@id\":\"https:\/\/bmotik.com\/#website\"},\"datePublished\":\"2021-04-05T18:02:47+00:00\",\"dateModified\":\"2021-04-20T22:38:52+00:00\",\"breadcrumb\":{\"@id\":\"https:\/\/bmotik.com\/traduccion\/#breadcrumb\"},\"inLanguage\":\"en-US\",\"potentialAction\":[{\"@type\":\"ReadAction\",\"target\":[\"https:\/\/bmotik.com\/traduccion\/\"]}]},{\"@type\":\"BreadcrumbList\",\"@id\":\"https:\/\/bmotik.com\/traduccion\/#breadcrumb\",\"itemListElement\":[{\"@type\":\"ListItem\",\"position\":1,\"name\":\"Inicio\",\"item\":\"https:\/\/bmotik.com\/\"},{\"@type\":\"ListItem\",\"position\":2,\"name\":\"Traducci\u00f3n\"}]},{\"@type\":\"WebSite\",\"@id\":\"https:\/\/bmotik.com\/#website\",\"url\":\"https:\/\/bmotik.com\/\",\"name\":\"Bmotik\",\"description\":\"Plataforma para Eventos sin L\u00edmites\",\"publisher\":{\"@id\":\"https:\/\/bmotik.com\/#organization\"},\"potentialAction\":[{\"@type\":\"SearchAction\",\"target\":{\"@type\":\"EntryPoint\",\"urlTemplate\":\"https:\/\/bmotik.com\/?s={search_term_string}\"},\"query-input\":{\"@type\":\"PropertyValueSpecification\",\"valueRequired\":true,\"valueName\":\"search_term_string\"}}],\"inLanguage\":\"en-US\"},{\"@type\":\"Organization\",\"@id\":\"https:\/\/bmotik.com\/#organization\",\"name\":\"bmotik\",\"url\":\"https:\/\/bmotik.com\/\",\"logo\":{\"@type\":\"ImageObject\",\"inLanguage\":\"en-US\",\"@id\":\"https:\/\/bmotik.com\/#\/schema\/logo\/image\/\",\"url\":\"https:\/\/bmotik.com\/wp-content\/uploads\/2023\/01\/bmotik-logo-def-bk.png\",\"contentUrl\":\"https:\/\/bmotik.com\/wp-content\/uploads\/2023\/01\/bmotik-logo-def-bk.png\",\"width\":850,\"height\":213,\"caption\":\"bmotik\"},\"image\":{\"@id\":\"https:\/\/bmotik.com\/#\/schema\/logo\/image\/\"},\"sameAs\":[\"https:\/\/www.facebook.com\/bmotik?fref=ts\",\"https:\/\/x.com\/bmotik_co\",\"https:\/\/www.linkedin.com\/company\/bmotik\/\",\"https:\/\/www.instagram.com\/bmotik_co\/\"]}]}<\/script>\n<!-- \/ Yoast SEO Premium plugin. -->","yoast_head_json":{"title":"Traducci\u00f3n &#8226; Bmotik","robots":{"index":"index","follow":"follow","max-snippet":"max-snippet:-1","max-image-preview":"max-image-preview:large","max-video-preview":"max-video-preview:-1"},"canonical":"https:\/\/bmotik.com\/en\/traduccion\/","og_locale":"en_US","og_type":"article","og_title":"Traducci\u00f3n","og_description":"CONGRESO AMERICANO DE FISIOTERAPIA EN SALUD MENTAL SAL\u00d3N QUIMBAYA Traducci\u00f3n Ingl\u00e9s a Espa\u00f1ol Haga clic en el icono de Play para escuchar al int\u00e9rprete Aqu\u00ed puede controlar el volumen Web Custom Broadcasting Powered by\u00a0Bmotik SmartEvents","og_url":"https:\/\/bmotik.com\/en\/traduccion\/","og_site_name":"Bmotik","article_publisher":"https:\/\/www.facebook.com\/bmotik?fref=ts","article_modified_time":"2021-04-20T22:38:52+00:00","twitter_card":"summary_large_image","twitter_site":"@bmotik_co","twitter_misc":{"Est. reading time":"1 minute"},"schema":{"@context":"https:\/\/schema.org","@graph":[{"@type":"WebPage","@id":"https:\/\/bmotik.com\/traduccion\/","url":"https:\/\/bmotik.com\/traduccion\/","name":"Traducci\u00f3n &#8226; Bmotik","isPartOf":{"@id":"https:\/\/bmotik.com\/#website"},"datePublished":"2021-04-05T18:02:47+00:00","dateModified":"2021-04-20T22:38:52+00:00","breadcrumb":{"@id":"https:\/\/bmotik.com\/traduccion\/#breadcrumb"},"inLanguage":"en-US","potentialAction":[{"@type":"ReadAction","target":["https:\/\/bmotik.com\/traduccion\/"]}]},{"@type":"BreadcrumbList","@id":"https:\/\/bmotik.com\/traduccion\/#breadcrumb","itemListElement":[{"@type":"ListItem","position":1,"name":"Inicio","item":"https:\/\/bmotik.com\/"},{"@type":"ListItem","position":2,"name":"Traducci\u00f3n"}]},{"@type":"WebSite","@id":"https:\/\/bmotik.com\/#website","url":"https:\/\/bmotik.com\/","name":"Bmotik","description":"Platform for Limitless Events","publisher":{"@id":"https:\/\/bmotik.com\/#organization"},"potentialAction":[{"@type":"SearchAction","target":{"@type":"EntryPoint","urlTemplate":"https:\/\/bmotik.com\/?s={search_term_string}"},"query-input":{"@type":"PropertyValueSpecification","valueRequired":true,"valueName":"search_term_string"}}],"inLanguage":"en-US"},{"@type":"Organization","@id":"https:\/\/bmotik.com\/#organization","name":"bmotik","url":"https:\/\/bmotik.com\/","logo":{"@type":"ImageObject","inLanguage":"en-US","@id":"https:\/\/bmotik.com\/#\/schema\/logo\/image\/","url":"https:\/\/bmotik.com\/wp-content\/uploads\/2023\/01\/bmotik-logo-def-bk.png","contentUrl":"https:\/\/bmotik.com\/wp-content\/uploads\/2023\/01\/bmotik-logo-def-bk.png","width":850,"height":213,"caption":"bmotik"},"image":{"@id":"https:\/\/bmotik.com\/#\/schema\/logo\/image\/"},"sameAs":["https:\/\/www.facebook.com\/bmotik?fref=ts","https:\/\/x.com\/bmotik_co","https:\/\/www.linkedin.com\/company\/bmotik\/","https:\/\/www.instagram.com\/bmotik_co\/"]}]}},"_links":{"self":[{"href":"https:\/\/bmotik.com\/en\/wp-json\/wp\/v2\/pages\/26404","targetHints":{"allow":["GET"]}}],"collection":[{"href":"https:\/\/bmotik.com\/en\/wp-json\/wp\/v2\/pages"}],"about":[{"href":"https:\/\/bmotik.com\/en\/wp-json\/wp\/v2\/types\/page"}],"author":[{"embeddable":true,"href":"https:\/\/bmotik.com\/en\/wp-json\/wp\/v2\/users\/244"}],"replies":[{"embeddable":true,"href":"https:\/\/bmotik.com\/en\/wp-json\/wp\/v2\/comments?post=26404"}],"version-history":[{"count":0,"href":"https:\/\/bmotik.com\/en\/wp-json\/wp\/v2\/pages\/26404\/revisions"}],"wp:attachment":[{"href":"https:\/\/bmotik.com\/en\/wp-json\/wp\/v2\/media?parent=26404"}],"curies":[{"name":"wp","href":"https:\/\/api.w.org\/{rel}","templated":true}]}}