{"id":32679,"date":"2023-11-21T14:08:38","date_gmt":"2023-11-21T19:08:38","guid":{"rendered":"https:\/\/bmotik.com\/?page_id=32679"},"modified":"2025-10-08T18:00:08","modified_gmt":"2025-10-08T23:00:08","slug":"central-de-eventos","status":"publish","type":"page","link":"https:\/\/bmotik.com\/en\/central-de-eventos\/","title":{"rendered":"Event Central"},"content":{"rendered":"<div data-elementor-type=\"wp-page\" data-elementor-id=\"32679\" class=\"elementor elementor-32679\" data-elementor-post-type=\"page\">\n\t\t\t\t\t\t<section class=\"elementor-section elementor-top-section elementor-element elementor-element-948bb62 elementor-section-height-min-height elementor-section-boxed elementor-section-height-default elementor-section-items-middle\" data-id=\"948bb62\" data-element_type=\"section\" data-e-type=\"section\" data-settings=\"{&quot;jet_parallax_layout_list&quot;:[],&quot;background_background&quot;:&quot;classic&quot;}\">\n\t\t\t\t\t\t<div class=\"elementor-container elementor-column-gap-default\">\n\t\t\t\t\t<div class=\"elementor-column elementor-col-50 elementor-top-column elementor-element elementor-element-cf8efe1\" data-id=\"cf8efe1\" data-element_type=\"column\" data-e-type=\"column\">\n\t\t\t<div class=\"elementor-widget-wrap elementor-element-populated\">\n\t\t\t\t\t\t<div class=\"elementor-element elementor-element-eac827f elementor-widget__width-inherit elementor-widget elementor-widget-heading\" data-id=\"eac827f\" data-element_type=\"widget\" data-e-type=\"widget\" data-widget_type=\"heading.default\">\n\t\t\t\t<div class=\"elementor-widget-container\">\n\t\t\t\t\t<h2 class=\"elementor-heading-title elementor-size-default\">If you do a lot of events, this is for you.<\/h2>\t\t\t\t<\/div>\n\t\t\t\t<\/div>\n\t\t\t\t<div class=\"elementor-element elementor-element-e094808 elementor-widget__width-initial elementor-widget elementor-widget-text-editor\" data-id=\"e094808\" data-element_type=\"widget\" data-e-type=\"widget\" data-widget_type=\"text-editor.default\">\n\t\t\t\t<div class=\"elementor-widget-container\">\n\t\t\t\t\t\t\t\t\t<p>Face-to-face, hybrid and virtual events. Centralized in a single self-manageable and easy-to-use platform for your attendees.<\/p>\t\t\t\t\t\t\t\t<\/div>\n\t\t\t\t<\/div>\n\t\t\t\t<div class=\"elementor-element elementor-element-3d80066 elementor-align-left elementor-widget elementor-widget-button\" data-id=\"3d80066\" data-element_type=\"widget\" data-e-type=\"widget\" data-widget_type=\"button.default\">\n\t\t\t\t<div class=\"elementor-widget-container\">\n\t\t\t\t\t\t\t\t\t<div class=\"elementor-button-wrapper\">\n\t\t\t\t\t<a class=\"elementor-button elementor-button-link elementor-size-md\" href=\"https:\/\/bmotik.com\/contacto-bmotik\/agendar-reunion-bmotik\/\">\n\t\t\t\t\t\t<span class=\"elementor-button-content-wrapper\">\n\t\t\t\t\t\t\t\t\t<span class=\"elementor-button-text\">Schedule a Demo<\/span>\n\t\t\t\t\t<\/span>\n\t\t\t\t\t<\/a>\n\t\t\t\t<\/div>\n\t\t\t\t\t\t\t\t<\/div>\n\t\t\t\t<\/div>\n\t\t\t\t<div class=\"elementor-element elementor-element-85fd5eb elementor-widget elementor-widget-menu-anchor\" data-id=\"85fd5eb\" data-element_type=\"widget\" data-e-type=\"widget\" data-widget_type=\"menu-anchor.default\">\n\t\t\t\t<div class=\"elementor-widget-container\">\n\t\t\t\t\t\t\t<div class=\"elementor-menu-anchor\" id=\"more\"><\/div>\n\t\t\t\t\t\t<\/div>\n\t\t\t\t<\/div>\n\t\t\t\t\t<\/div>\n\t\t<\/div>\n\t\t\t\t<div class=\"elementor-column elementor-col-50 elementor-top-column elementor-element elementor-element-6deccda\" data-id=\"6deccda\" data-element_type=\"column\" data-e-type=\"column\">\n\t\t\t<div class=\"elementor-widget-wrap elementor-element-populated\">\n\t\t\t\t\t\t<div class=\"elementor-element elementor-element-433d435 elementor-widget elementor-widget-image\" data-id=\"433d435\" data-element_type=\"widget\" data-e-type=\"widget\" data-widget_type=\"image.default\">\n\t\t\t\t<div class=\"elementor-widget-container\">\n\t\t\t\t\t\t\t\t\t\t\t\t\t\t\t<img fetchpriority=\"high\" decoding=\"async\" width=\"800\" height=\"541\" src=\"https:\/\/bmotik.com\/wp-content\/uploads\/2023\/07\/Events-Hub-Bmotik1-1024x693.webp\" class=\"attachment-large size-large wp-image-31315\" alt=\"\" srcset=\"https:\/\/bmotik.com\/wp-content\/uploads\/2023\/07\/Events-Hub-Bmotik1-1024x693.webp 1024w, https:\/\/bmotik.com\/wp-content\/uploads\/2023\/07\/Events-Hub-Bmotik1-300x203.webp 300w, https:\/\/bmotik.com\/wp-content\/uploads\/2023\/07\/Events-Hub-Bmotik1-768x520.webp 768w, https:\/\/bmotik.com\/wp-content\/uploads\/2023\/07\/Events-Hub-Bmotik1-18x12.webp 18w, https:\/\/bmotik.com\/wp-content\/uploads\/2023\/07\/Events-Hub-Bmotik1.webp 1421w\" sizes=\"(max-width: 800px) 100vw, 800px\" \/>\t\t\t\t\t\t\t\t\t\t\t\t\t\t\t<\/div>\n\t\t\t\t<\/div>\n\t\t\t\t\t<\/div>\n\t\t<\/div>\n\t\t\t\t\t<\/div>\n\t\t<\/section>\n\t\t\t\t<section class=\"elementor-section elementor-top-section elementor-element elementor-element-538240d elementor-section-boxed elementor-section-height-default elementor-section-height-default\" data-id=\"538240d\" data-element_type=\"section\" data-e-type=\"section\" data-settings=\"{&quot;jet_parallax_layout_list&quot;:[],&quot;background_background&quot;:&quot;gradient&quot;}\">\n\t\t\t\t\t\t<div class=\"elementor-container elementor-column-gap-default\">\n\t\t\t\t\t<div class=\"elementor-column elementor-col-100 elementor-top-column elementor-element elementor-element-80809f3\" data-id=\"80809f3\" data-element_type=\"column\" data-e-type=\"column\">\n\t\t\t<div class=\"elementor-widget-wrap elementor-element-populated\">\n\t\t\t\t\t\t<div class=\"elementor-element elementor-element-4776cd2 elementor-widget elementor-widget-heading\" data-id=\"4776cd2\" data-element_type=\"widget\" data-e-type=\"widget\" data-widget_type=\"heading.default\">\n\t\t\t\t<div class=\"elementor-widget-container\">\n\t\t\t\t\t<h2 class=\"elementor-heading-title elementor-size-default\">Why Choose Bmotik Events Hub<\/h2>\t\t\t\t<\/div>\n\t\t\t\t<\/div>\n\t\t\t\t<section class=\"elementor-section elementor-inner-section elementor-element elementor-element-8e48f49 elementor-section-boxed elementor-section-height-default elementor-section-height-default\" data-id=\"8e48f49\" data-element_type=\"section\" data-e-type=\"section\" data-settings=\"{&quot;jet_parallax_layout_list&quot;:[]}\">\n\t\t\t\t\t\t<div class=\"elementor-container elementor-column-gap-default\">\n\t\t\t\t\t<div class=\"elementor-column elementor-col-50 elementor-inner-column elementor-element elementor-element-e0d7bc5\" data-id=\"e0d7bc5\" data-element_type=\"column\" data-e-type=\"column\">\n\t\t\t<div class=\"elementor-widget-wrap elementor-element-populated\">\n\t\t\t\t\t\t<div class=\"elementor-element elementor-element-8a4341c elementor-widget elementor-widget-image\" data-id=\"8a4341c\" data-element_type=\"widget\" data-e-type=\"widget\" data-widget_type=\"image.default\">\n\t\t\t\t<div class=\"elementor-widget-container\">\n\t\t\t\t\t\t\t\t\t\t\t\t\t\t\t<img decoding=\"async\" width=\"708\" height=\"853\" src=\"https:\/\/bmotik.com\/wp-content\/uploads\/2023\/07\/confused-guy.webp\" class=\"attachment-large size-large wp-image-31321\" alt=\"\" srcset=\"https:\/\/bmotik.com\/wp-content\/uploads\/2023\/07\/confused-guy.webp 708w, https:\/\/bmotik.com\/wp-content\/uploads\/2023\/07\/confused-guy-249x300.webp 249w, https:\/\/bmotik.com\/wp-content\/uploads\/2023\/07\/confused-guy-10x12.webp 10w\" sizes=\"(max-width: 708px) 100vw, 708px\" \/>\t\t\t\t\t\t\t\t\t\t\t\t\t\t\t<\/div>\n\t\t\t\t<\/div>\n\t\t\t\t\t<\/div>\n\t\t<\/div>\n\t\t\t\t<div class=\"elementor-column elementor-col-50 elementor-inner-column elementor-element elementor-element-c991034\" data-id=\"c991034\" data-element_type=\"column\" data-e-type=\"column\">\n\t\t\t<div class=\"elementor-widget-wrap elementor-element-populated\">\n\t\t\t\t\t\t<div class=\"elementor-element elementor-element-a405a3c elementor-widget elementor-widget-heading\" data-id=\"a405a3c\" data-element_type=\"widget\" data-e-type=\"widget\" data-widget_type=\"heading.default\">\n\t\t\t\t<div class=\"elementor-widget-container\">\n\t\t\t\t\t<h2 class=\"elementor-heading-title elementor-size-default\">Several events, different suppliers, many entanglements.<\/h2>\t\t\t\t<\/div>\n\t\t\t\t<\/div>\n\t\t\t\t<div class=\"elementor-element elementor-element-ae3eb38 elementor-widget elementor-widget-text-editor\" data-id=\"ae3eb38\" data-element_type=\"widget\" data-e-type=\"widget\" data-widget_type=\"text-editor.default\">\n\t\t\t\t<div class=\"elementor-widget-container\">\n\t\t\t\t\t\t\t\t\t<p style=\"text-align: left;\">You do a lot of events, whether hybrid, virtual and\/or face-to-face. With Events Hub: reduce costs, clutter and operational burden while facilitating usability for your attendees.<\/p>\t\t\t\t\t\t\t\t<\/div>\n\t\t\t\t<\/div>\n\t\t\t\t<div class=\"elementor-element elementor-element-e993f9c elementor-widget elementor-widget-heading\" data-id=\"e993f9c\" data-element_type=\"widget\" data-e-type=\"widget\" data-widget_type=\"heading.default\">\n\t\t\t\t<div class=\"elementor-widget-container\">\n\t\t\t\t\t<h2 class=\"elementor-heading-title elementor-size-default\">Centralize the information of your new and recurrent attendees.<\/h2>\t\t\t\t<\/div>\n\t\t\t\t<\/div>\n\t\t\t\t<div class=\"elementor-element elementor-element-3d0f74f elementor-widget elementor-widget-text-editor\" data-id=\"3d0f74f\" data-element_type=\"widget\" data-e-type=\"widget\" data-widget_type=\"text-editor.default\">\n\t\t\t\t<div class=\"elementor-widget-container\">\n\t\t\t\t\t\t\t\t\t<p style=\"text-align: left;\">By having a central event management system, managing the databases of your new or recurring attendees will become 3 times easier and with a reduced margin of error of up to 70%.<\/p>\t\t\t\t\t\t\t\t<\/div>\n\t\t\t\t<\/div>\n\t\t\t\t<div class=\"elementor-element elementor-element-b6f5e4c elementor-widget elementor-widget-heading\" data-id=\"b6f5e4c\" data-element_type=\"widget\" data-e-type=\"widget\" data-widget_type=\"heading.default\">\n\t\t\t\t<div class=\"elementor-widget-container\">\n\t\t\t\t\t<h2 class=\"elementor-heading-title elementor-size-default\">Unify your collection and allow online registrations to your events.<\/h2>\t\t\t\t<\/div>\n\t\t\t\t<\/div>\n\t\t\t\t<div class=\"elementor-element elementor-element-68128fc elementor-widget elementor-widget-text-editor\" data-id=\"68128fc\" data-element_type=\"widget\" data-e-type=\"widget\" data-widget_type=\"text-editor.default\">\n\t\t\t\t<div class=\"elementor-widget-container\">\n\t\t\t\t\t\t\t\t\t<p style=\"text-align: left;\">All of your event receipts in one place. Take control of your registrations and allow your attendees to register and pay online without hassle. Increase the probability of successful registrations by more than 50%.<\/p>\t\t\t\t\t\t\t\t<\/div>\n\t\t\t\t<\/div>\n\t\t\t\t<div class=\"elementor-element elementor-element-8fefd6a elementor-align-left elementor-widget elementor-widget-button\" data-id=\"8fefd6a\" data-element_type=\"widget\" data-e-type=\"widget\" data-widget_type=\"button.default\">\n\t\t\t\t<div class=\"elementor-widget-container\">\n\t\t\t\t\t\t\t\t\t<div class=\"elementor-button-wrapper\">\n\t\t\t\t\t<a class=\"elementor-button elementor-button-link elementor-size-sm\" href=\"https:\/\/bmotik.com\/contacto-bmotik\/\">\n\t\t\t\t\t\t<span class=\"elementor-button-content-wrapper\">\n\t\t\t\t\t\t\t\t\t<span class=\"elementor-button-text\">Let's start today<\/span>\n\t\t\t\t\t<\/span>\n\t\t\t\t\t<\/a>\n\t\t\t\t<\/div>\n\t\t\t\t\t\t\t\t<\/div>\n\t\t\t\t<\/div>\n\t\t\t\t\t<\/div>\n\t\t<\/div>\n\t\t\t\t\t<\/div>\n\t\t<\/section>\n\t\t\t\t\t<\/div>\n\t\t<\/div>\n\t\t\t\t\t<\/div>\n\t\t<\/section>\n\t\t\t\t<\/div>","protected":false},"excerpt":{"rendered":"<p>If you do a lot of events, this is for you. Face-to-face, hybrid, virtual events. Centralized in a single, easy-to-use, self-manageable platform for your attendees. Schedule a Demo Why Choose Bmotik Events Hub Multiple events, different suppliers, lots of hassle. You do a lot of events, whether hybrid, virtual and\/or face-to-face. With Events Hub: reduce costs, clutter and [...]<\/p>","protected":false},"author":1,"featured_media":0,"parent":0,"menu_order":0,"comment_status":"closed","ping_status":"closed","template":"","meta":{"footnotes":""},"class_list":["post-32679","page","type-page","status-publish","hentry"],"yoast_head":"<!-- This site is optimized with the Yoast SEO Premium plugin v24.1 (Yoast SEO v27.1.1) - https:\/\/yoast.com\/product\/yoast-seo-premium-wordpress\/ -->\n<title>Central de Eventos &#8226; Bmotik<\/title>\n<meta name=\"robots\" content=\"index, follow, max-snippet:-1, max-image-preview:large, max-video-preview:-1\" \/>\n<link rel=\"canonical\" href=\"https:\/\/bmotik.com\/en\/central-de-eventos\/\" \/>\n<meta property=\"og:locale\" content=\"en_US\" \/>\n<meta property=\"og:type\" content=\"article\" \/>\n<meta property=\"og:title\" content=\"Central de Eventos\" \/>\n<meta property=\"og:description\" content=\"Si haces muchos eventos, esto es para ti. Eventos presenciales, h\u00edbridos, virtuales. Centralizados en una \u00fanica plataforma autogestionable y f\u00e1cil de usar para tus asistentes. Agenda una Demo Por qu\u00e9 Elegir Bmotik Events Hub Varios eventos, diferentes proveedores, muchos enredos. Haces muchos eventos, sean h\u00edbridos, virtuales y\/o presenciales. Con Events Hub: reduce costos, desorden y [&hellip;]\" \/>\n<meta property=\"og:url\" content=\"https:\/\/bmotik.com\/en\/central-de-eventos\/\" \/>\n<meta property=\"og:site_name\" content=\"Bmotik\" \/>\n<meta property=\"article:publisher\" content=\"https:\/\/www.facebook.com\/bmotik?fref=ts\" \/>\n<meta property=\"article:modified_time\" content=\"2025-10-08T23:00:08+00:00\" \/>\n<meta property=\"og:image\" content=\"https:\/\/bmotik.com\/wp-content\/uploads\/2023\/07\/Events-Hub-Bmotik1.webp\" \/>\n\t<meta property=\"og:image:width\" content=\"1421\" \/>\n\t<meta property=\"og:image:height\" content=\"962\" \/>\n\t<meta property=\"og:image:type\" content=\"image\/webp\" \/>\n<meta name=\"twitter:card\" content=\"summary_large_image\" \/>\n<meta name=\"twitter:site\" content=\"@bmotik_co\" \/>\n<meta name=\"twitter:label1\" content=\"Est. reading time\" \/>\n\t<meta name=\"twitter:data1\" content=\"2 minutes\" \/>\n<script type=\"application\/ld+json\" class=\"yoast-schema-graph\">{\"@context\":\"https:\/\/schema.org\",\"@graph\":[{\"@type\":\"WebPage\",\"@id\":\"https:\/\/bmotik.com\/central-de-eventos\/\",\"url\":\"https:\/\/bmotik.com\/central-de-eventos\/\",\"name\":\"Central de Eventos &#8226; Bmotik\",\"isPartOf\":{\"@id\":\"https:\/\/bmotik.com\/#website\"},\"primaryImageOfPage\":{\"@id\":\"https:\/\/bmotik.com\/central-de-eventos\/#primaryimage\"},\"image\":{\"@id\":\"https:\/\/bmotik.com\/central-de-eventos\/#primaryimage\"},\"thumbnailUrl\":\"https:\/\/bmotik.com\/wp-content\/uploads\/2023\/07\/Events-Hub-Bmotik1-1024x693.webp\",\"datePublished\":\"2023-11-21T19:08:38+00:00\",\"dateModified\":\"2025-10-08T23:00:08+00:00\",\"breadcrumb\":{\"@id\":\"https:\/\/bmotik.com\/central-de-eventos\/#breadcrumb\"},\"inLanguage\":\"en-US\",\"potentialAction\":[{\"@type\":\"ReadAction\",\"target\":[\"https:\/\/bmotik.com\/central-de-eventos\/\"]}]},{\"@type\":\"ImageObject\",\"inLanguage\":\"en-US\",\"@id\":\"https:\/\/bmotik.com\/central-de-eventos\/#primaryimage\",\"url\":\"https:\/\/bmotik.com\/wp-content\/uploads\/2023\/07\/Events-Hub-Bmotik1-1024x693.webp\",\"contentUrl\":\"https:\/\/bmotik.com\/wp-content\/uploads\/2023\/07\/Events-Hub-Bmotik1-1024x693.webp\"},{\"@type\":\"BreadcrumbList\",\"@id\":\"https:\/\/bmotik.com\/central-de-eventos\/#breadcrumb\",\"itemListElement\":[{\"@type\":\"ListItem\",\"position\":1,\"name\":\"Inicio\",\"item\":\"https:\/\/bmotik.com\/\"},{\"@type\":\"ListItem\",\"position\":2,\"name\":\"Central de Eventos\"}]},{\"@type\":\"WebSite\",\"@id\":\"https:\/\/bmotik.com\/#website\",\"url\":\"https:\/\/bmotik.com\/\",\"name\":\"Bmotik\",\"description\":\"Plataforma para Eventos sin L\u00edmites\",\"publisher\":{\"@id\":\"https:\/\/bmotik.com\/#organization\"},\"potentialAction\":[{\"@type\":\"SearchAction\",\"target\":{\"@type\":\"EntryPoint\",\"urlTemplate\":\"https:\/\/bmotik.com\/?s={search_term_string}\"},\"query-input\":{\"@type\":\"PropertyValueSpecification\",\"valueRequired\":true,\"valueName\":\"search_term_string\"}}],\"inLanguage\":\"en-US\"},{\"@type\":\"Organization\",\"@id\":\"https:\/\/bmotik.com\/#organization\",\"name\":\"bmotik\",\"url\":\"https:\/\/bmotik.com\/\",\"logo\":{\"@type\":\"ImageObject\",\"inLanguage\":\"en-US\",\"@id\":\"https:\/\/bmotik.com\/#\/schema\/logo\/image\/\",\"url\":\"https:\/\/bmotik.com\/wp-content\/uploads\/2023\/01\/bmotik-logo-def-bk.png\",\"contentUrl\":\"https:\/\/bmotik.com\/wp-content\/uploads\/2023\/01\/bmotik-logo-def-bk.png\",\"width\":850,\"height\":213,\"caption\":\"bmotik\"},\"image\":{\"@id\":\"https:\/\/bmotik.com\/#\/schema\/logo\/image\/\"},\"sameAs\":[\"https:\/\/www.facebook.com\/bmotik?fref=ts\",\"https:\/\/x.com\/bmotik_co\",\"https:\/\/www.linkedin.com\/company\/bmotik\/\",\"https:\/\/www.instagram.com\/bmotik_co\/\"]}]}<\/script>\n<!-- \/ Yoast SEO Premium plugin. -->","yoast_head_json":{"title":"Central de Eventos &#8226; Bmotik","robots":{"index":"index","follow":"follow","max-snippet":"max-snippet:-1","max-image-preview":"max-image-preview:large","max-video-preview":"max-video-preview:-1"},"canonical":"https:\/\/bmotik.com\/en\/central-de-eventos\/","og_locale":"en_US","og_type":"article","og_title":"Central de Eventos","og_description":"Si haces muchos eventos, esto es para ti. Eventos presenciales, h\u00edbridos, virtuales. Centralizados en una \u00fanica plataforma autogestionable y f\u00e1cil de usar para tus asistentes. Agenda una Demo Por qu\u00e9 Elegir Bmotik Events Hub Varios eventos, diferentes proveedores, muchos enredos. Haces muchos eventos, sean h\u00edbridos, virtuales y\/o presenciales. Con Events Hub: reduce costos, desorden y [&hellip;]","og_url":"https:\/\/bmotik.com\/en\/central-de-eventos\/","og_site_name":"Bmotik","article_publisher":"https:\/\/www.facebook.com\/bmotik?fref=ts","article_modified_time":"2025-10-08T23:00:08+00:00","og_image":[{"width":1421,"height":962,"url":"https:\/\/bmotik.com\/wp-content\/uploads\/2023\/07\/Events-Hub-Bmotik1.webp","type":"image\/webp"}],"twitter_card":"summary_large_image","twitter_site":"@bmotik_co","twitter_misc":{"Est. reading time":"2 minutes"},"schema":{"@context":"https:\/\/schema.org","@graph":[{"@type":"WebPage","@id":"https:\/\/bmotik.com\/central-de-eventos\/","url":"https:\/\/bmotik.com\/central-de-eventos\/","name":"Central de Eventos &#8226; Bmotik","isPartOf":{"@id":"https:\/\/bmotik.com\/#website"},"primaryImageOfPage":{"@id":"https:\/\/bmotik.com\/central-de-eventos\/#primaryimage"},"image":{"@id":"https:\/\/bmotik.com\/central-de-eventos\/#primaryimage"},"thumbnailUrl":"https:\/\/bmotik.com\/wp-content\/uploads\/2023\/07\/Events-Hub-Bmotik1-1024x693.webp","datePublished":"2023-11-21T19:08:38+00:00","dateModified":"2025-10-08T23:00:08+00:00","breadcrumb":{"@id":"https:\/\/bmotik.com\/central-de-eventos\/#breadcrumb"},"inLanguage":"en-US","potentialAction":[{"@type":"ReadAction","target":["https:\/\/bmotik.com\/central-de-eventos\/"]}]},{"@type":"ImageObject","inLanguage":"en-US","@id":"https:\/\/bmotik.com\/central-de-eventos\/#primaryimage","url":"https:\/\/bmotik.com\/wp-content\/uploads\/2023\/07\/Events-Hub-Bmotik1-1024x693.webp","contentUrl":"https:\/\/bmotik.com\/wp-content\/uploads\/2023\/07\/Events-Hub-Bmotik1-1024x693.webp"},{"@type":"BreadcrumbList","@id":"https:\/\/bmotik.com\/central-de-eventos\/#breadcrumb","itemListElement":[{"@type":"ListItem","position":1,"name":"Inicio","item":"https:\/\/bmotik.com\/"},{"@type":"ListItem","position":2,"name":"Central de Eventos"}]},{"@type":"WebSite","@id":"https:\/\/bmotik.com\/#website","url":"https:\/\/bmotik.com\/","name":"Bmotik","description":"Platform for Limitless Events","publisher":{"@id":"https:\/\/bmotik.com\/#organization"},"potentialAction":[{"@type":"SearchAction","target":{"@type":"EntryPoint","urlTemplate":"https:\/\/bmotik.com\/?s={search_term_string}"},"query-input":{"@type":"PropertyValueSpecification","valueRequired":true,"valueName":"search_term_string"}}],"inLanguage":"en-US"},{"@type":"Organization","@id":"https:\/\/bmotik.com\/#organization","name":"bmotik","url":"https:\/\/bmotik.com\/","logo":{"@type":"ImageObject","inLanguage":"en-US","@id":"https:\/\/bmotik.com\/#\/schema\/logo\/image\/","url":"https:\/\/bmotik.com\/wp-content\/uploads\/2023\/01\/bmotik-logo-def-bk.png","contentUrl":"https:\/\/bmotik.com\/wp-content\/uploads\/2023\/01\/bmotik-logo-def-bk.png","width":850,"height":213,"caption":"bmotik"},"image":{"@id":"https:\/\/bmotik.com\/#\/schema\/logo\/image\/"},"sameAs":["https:\/\/www.facebook.com\/bmotik?fref=ts","https:\/\/x.com\/bmotik_co","https:\/\/www.linkedin.com\/company\/bmotik\/","https:\/\/www.instagram.com\/bmotik_co\/"]}]}},"_links":{"self":[{"href":"https:\/\/bmotik.com\/en\/wp-json\/wp\/v2\/pages\/32679","targetHints":{"allow":["GET"]}}],"collection":[{"href":"https:\/\/bmotik.com\/en\/wp-json\/wp\/v2\/pages"}],"about":[{"href":"https:\/\/bmotik.com\/en\/wp-json\/wp\/v2\/types\/page"}],"author":[{"embeddable":true,"href":"https:\/\/bmotik.com\/en\/wp-json\/wp\/v2\/users\/1"}],"replies":[{"embeddable":true,"href":"https:\/\/bmotik.com\/en\/wp-json\/wp\/v2\/comments?post=32679"}],"version-history":[{"count":11,"href":"https:\/\/bmotik.com\/en\/wp-json\/wp\/v2\/pages\/32679\/revisions"}],"predecessor-version":[{"id":35105,"href":"https:\/\/bmotik.com\/en\/wp-json\/wp\/v2\/pages\/32679\/revisions\/35105"}],"wp:attachment":[{"href":"https:\/\/bmotik.com\/en\/wp-json\/wp\/v2\/media?parent=32679"}],"curies":[{"name":"wp","href":"https:\/\/api.w.org\/{rel}","templated":true}]}}